{"id":537,"date":"2026-02-19T12:02:23","date_gmt":"2026-02-19T12:02:23","guid":{"rendered":"https:\/\/phatdatglobal.com\/ho-so-cong-ty\/"},"modified":"2026-02-19T13:10:53","modified_gmt":"2026-02-19T13:10:53","slug":"ho-so-cong-ty","status":"publish","type":"page","link":"https:\/\/phatdatglobal.com\/vi\/ho-so-cong-ty\/","title":{"rendered":"H\u1ed3 s\u01a1 c\u00f4ng ty"},"content":{"rendered":"\t\t<div data-elementor-type=\"wp-page\" data-elementor-id=\"537\" class=\"elementor elementor-537 elementor-515\" data-elementor-post-type=\"page\">\n\t\t\t\t<div class=\"elementor-element elementor-element-f80fcaf banner-bg-new e-flex e-con-boxed e-con e-parent\" data-id=\"f80fcaf\" data-element_type=\"container\" data-e-type=\"container\">\n\t\t\t\t\t<div class=\"e-con-inner\">\n\t\t\t\t<div class=\"elementor-element elementor-element-84e230d elementor-widget elementor-widget-heading\" data-id=\"84e230d\" data-element_type=\"widget\" data-e-type=\"widget\" data-widget_type=\"heading.default\">\n\t\t\t\t\t<p class=\"elementor-heading-title elementor-size-default\">H\u1ed2 S\u01a0 C\u00d4NG TY<\/p>\t\t\t\t<\/div>\n\t\t\t\t<div class=\"elementor-element elementor-element-7b718f0 elementor-widget elementor-widget-heading\" data-id=\"7b718f0\" data-element_type=\"widget\" data-e-type=\"widget\" data-widget_type=\"heading.default\">\n\t\t\t\t\t<h2 class=\"elementor-heading-title elementor-size-default\">T\u1eadp \u0111o\u00e0n D\u1ecbch v\u1ee5 H\u00e0ng kh\u00f4ng &amp; Du l\u1ecbch T\u00edch h\u1ee3p<\/h2>\t\t\t\t<\/div>\n\t\t\t\t<div class=\"elementor-element elementor-element-2c3554a elementor-widget__width-initial elementor-widget elementor-widget-text-editor\" data-id=\"2c3554a\" data-element_type=\"widget\" data-e-type=\"widget\" data-widget_type=\"text-editor.default\">\n\t\t\t\t\t\t\t\t\t<p>Phat Dat Service Group v\u1eadn h\u00e0nh m\u1ed9t h\u1ec7 sinh th\u00e1i th\u1ed1ng nh\u1ea5t cung c\u1ea5p c\u00e1c d\u1ecbch v\u1ee5 h\u1ed7 tr\u1ee3 h\u00e0ng kh\u00f4ng, \u0111i\u1ec1u ph\u1ed1i du l\u1ecbch, h\u1ed7 tr\u1ee3 y t\u1ebf v\u00e0 logistics chuy\u1ec3n ph\u00e1t nhanh n\u1ed9i \u0111\u1ecba tr\u00ean kh\u1eafp Vi\u1ec7t Nam. M\u00f4 h\u00ecnh c\u1ee7a ch\u00fang t\u00f4i \u0111\u1ea3m b\u1ea3o vi\u1ec7c th\u1ef1c thi chu\u1ea9n h\u00f3a, v\u1eadn h\u00e0nh minh b\u1ea1ch v\u00e0 t\u00edch h\u1ee3p \u0111\u1ed1i t\u00e1c c\u00f3 kh\u1ea3 n\u0103ng m\u1edf r\u1ed9ng. <\/p>\t\t\t\t\t\t\t\t<\/div>\n\t\t<div class=\"elementor-element elementor-element-d3c105e e-grid e-con-full e-con e-child\" data-id=\"d3c105e\" data-element_type=\"container\" data-e-type=\"container\">\n\t\t<div class=\"elementor-element elementor-element-f4a68ae e-con-full e-flex e-con e-child\" data-id=\"f4a68ae\" data-element_type=\"container\" data-e-type=\"container\" data-settings=\"{&quot;background_background&quot;:&quot;classic&quot;}\">\n\t\t<div class=\"elementor-element elementor-element-3c4989b e-con-full e-flex e-con e-child\" data-id=\"3c4989b\" data-element_type=\"container\" data-e-type=\"container\">\n\t\t\t\t<div class=\"elementor-element elementor-element-a95ce60 elementor-widget elementor-widget-heading\" data-id=\"a95ce60\" data-element_type=\"widget\" data-e-type=\"widget\" data-widget_type=\"heading.default\">\n\t\t\t\t\t<h6 class=\"elementor-heading-title elementor-size-default\">V\u1ec1 ch\u00fang t\u00f4i<\/h6>\t\t\t\t<\/div>\n\t\t\t\t<\/div>\n\t\t<div class=\"elementor-element elementor-element-b21df52 e-con-full e-flex e-con e-child\" data-id=\"b21df52\" data-element_type=\"container\" data-e-type=\"container\">\n\t\t\t\t<div class=\"elementor-element elementor-element-632668f elementor-widget elementor-widget-text-editor\" data-id=\"632668f\" data-element_type=\"widget\" data-e-type=\"widget\" data-widget_type=\"text-editor.default\">\n\t\t\t\t\t\t\t\t\t<p>\u0110\u01b0\u1ee3c th\u00e0nh l\u1eadp \u0111\u1ec3 ph\u1ee5c v\u1ee5 kh\u00e1ch du l\u1ecbch qu\u1ed1c t\u1ebf v\u00e0 c\u00e1c \u0111\u1ed1i t\u00e1c chi\u1ebfn l\u01b0\u1ee3c, Phat Dat Service Group t\u00edch h\u1ee3p nhi\u1ec1u th\u01b0\u01a1ng hi\u1ec7u d\u1ecbch v\u1ee5 d\u01b0\u1edbi m\u1ed9t c\u1ea5u tr\u00fac qu\u1ea3n tr\u1ecb duy nh\u1ea5t. M\u1ed7i d\u00f2ng d\u1ecbch v\u1ee5 \u0111\u1ec1u v\u1eadn h\u00e0nh theo c\u00e1c quy tr\u00ecnh chu\u1ea9n h\u00f3a, m\u1ed1c th\u1eddi gian c\u00f3 th\u1ec3 \u0111o l\u01b0\u1eddng v\u00e0 th\u1ef1c thi ph\u1ed1i h\u1ee3p nh\u1ecbp nh\u00e0ng v\u1edbi l\u1ecbch tr\u00ecnh chuy\u1ebfn bay. <\/p>\t\t\t\t\t\t\t\t<\/div>\n\t\t\t\t<\/div>\n\t\t<div class=\"elementor-element elementor-element-4681a53 e-con-full e-flex e-con e-child\" data-id=\"4681a53\" data-element_type=\"container\" data-e-type=\"container\">\n\t\t\t\t<div class=\"elementor-element elementor-element-cbfa299 elementor-widget elementor-widget-heading\" data-id=\"cbfa299\" data-element_type=\"widget\" data-e-type=\"widget\" data-widget_type=\"heading.default\">\n\t\t\t\t\t<h6 class=\"elementor-heading-title elementor-size-default\">H\u1ec7 sinh th\u00e1i c\u1ee7a ch\u00fang t\u00f4i<\/h6>\t\t\t\t<\/div>\n\t\t\t\t<div class=\"elementor-element elementor-element-fd53dbb elementor-icon-list--layout-traditional elementor-list-item-link-full_width elementor-widget elementor-widget-icon-list\" data-id=\"fd53dbb\" data-element_type=\"widget\" data-e-type=\"widget\" data-widget_type=\"icon-list.default\">\n\t\t\t\t\t\t\t<ul class=\"elementor-icon-list-items\">\n\t\t\t\t\t\t\t<li class=\"elementor-icon-list-item\">\n\t\t\t\t\t\t\t\t\t\t\t<span class=\"elementor-icon-list-icon\">\n\t\t\t\t\t\t\t<svg aria-hidden=\"true\" class=\"e-font-icon-svg e-fas-circle\" viewBox=\"0 0 512 512\" xmlns=\"http:\/\/www.w3.org\/2000\/svg\"><path d=\"M256 8C119 8 8 119 8 256s111 248 248 248 248-111 248-248S393 8 256 8z\"><\/path><\/svg>\t\t\t\t\t\t<\/span>\n\t\t\t\t\t\t\t\t\t\t<span class=\"elementor-icon-list-text\">Vietnam Fast Track (H\u1ed7 tr\u1ee3 VIP t\u1ea1i s\u00e2n bay)<\/span>\n\t\t\t\t\t\t\t\t\t<\/li>\n\t\t\t\t\t\t\t\t<li class=\"elementor-icon-list-item\">\n\t\t\t\t\t\t\t\t\t\t\t<span class=\"elementor-icon-list-icon\">\n\t\t\t\t\t\t\t<svg aria-hidden=\"true\" class=\"e-font-icon-svg e-fas-circle\" viewBox=\"0 0 512 512\" xmlns=\"http:\/\/www.w3.org\/2000\/svg\"><path d=\"M256 8C119 8 8 119 8 256s111 248 248 248 248-111 248-248S393 8 256 8z\"><\/path><\/svg>\t\t\t\t\t\t<\/span>\n\t\t\t\t\t\t\t\t\t\t<span class=\"elementor-icon-list-text\">H\u1ed7 tr\u1ee3 eVisa &amp; Nh\u1eadp c\u1ea3nh Vi\u1ec7t Nam<\/span>\n\t\t\t\t\t\t\t\t\t<\/li>\n\t\t\t\t\t\t\t\t<li class=\"elementor-icon-list-item\">\n\t\t\t\t\t\t\t\t\t\t\t<span class=\"elementor-icon-list-icon\">\n\t\t\t\t\t\t\t<svg aria-hidden=\"true\" class=\"e-font-icon-svg e-fas-circle\" viewBox=\"0 0 512 512\" xmlns=\"http:\/\/www.w3.org\/2000\/svg\"><path d=\"M256 8C119 8 8 119 8 256s111 248 248 248 248-111 248-248S393 8 256 8z\"><\/path><\/svg>\t\t\t\t\t\t<\/span>\n\t\t\t\t\t\t\t\t\t\t<span class=\"elementor-icon-list-text\">H\u1ed7 tr\u1ee3 y t\u1ebf Vi\u1ec7t Nam<\/span>\n\t\t\t\t\t\t\t\t\t<\/li>\n\t\t\t\t\t\t\t\t<li class=\"elementor-icon-list-item\">\n\t\t\t\t\t\t\t\t\t\t\t<span class=\"elementor-icon-list-icon\">\n\t\t\t\t\t\t\t<svg aria-hidden=\"true\" class=\"e-font-icon-svg e-fas-circle\" viewBox=\"0 0 512 512\" xmlns=\"http:\/\/www.w3.org\/2000\/svg\"><path d=\"M256 8C119 8 8 119 8 256s111 248 248 248 248-111 248-248S393 8 256 8z\"><\/path><\/svg>\t\t\t\t\t\t<\/span>\n\t\t\t\t\t\t\t\t\t\t<span class=\"elementor-icon-list-text\">\u0110\u01b0a \u0111\u00f3n s\u00e2n bay Vi\u1ec7t Nam<\/span>\n\t\t\t\t\t\t\t\t\t<\/li>\n\t\t\t\t\t\t\t\t<li class=\"elementor-icon-list-item\">\n\t\t\t\t\t\t\t\t\t\t\t<span class=\"elementor-icon-list-icon\">\n\t\t\t\t\t\t\t<svg aria-hidden=\"true\" class=\"e-font-icon-svg e-fas-circle\" viewBox=\"0 0 512 512\" xmlns=\"http:\/\/www.w3.org\/2000\/svg\"><path d=\"M256 8C119 8 8 119 8 256s111 248 248 248 248-111 248-248S393 8 256 8z\"><\/path><\/svg>\t\t\t\t\t\t<\/span>\n\t\t\t\t\t\t\t\t\t\t<span class=\"elementor-icon-list-text\">V\u00e9 m\u00e1y bay Vi\u1ec7t Nam<\/span>\n\t\t\t\t\t\t\t\t\t<\/li>\n\t\t\t\t\t\t\t\t<li class=\"elementor-icon-list-item\">\n\t\t\t\t\t\t\t\t\t\t\t<span class=\"elementor-icon-list-icon\">\n\t\t\t\t\t\t\t<svg aria-hidden=\"true\" class=\"e-font-icon-svg e-fas-circle\" viewBox=\"0 0 512 512\" xmlns=\"http:\/\/www.w3.org\/2000\/svg\"><path d=\"M256 8C119 8 8 119 8 256s111 248 248 248 248-111 248-248S393 8 256 8z\"><\/path><\/svg>\t\t\t\t\t\t<\/span>\n\t\t\t\t\t\t\t\t\t\t<span class=\"elementor-icon-list-text\">C\u00e1c tour du l\u1ecbch Vi\u1ec7t Nam (trong n\u01b0\u1edbc)<\/span>\n\t\t\t\t\t\t\t\t\t<\/li>\n\t\t\t\t\t\t\t\t<li class=\"elementor-icon-list-item\">\n\t\t\t\t\t\t\t\t\t\t\t<span class=\"elementor-icon-list-icon\">\n\t\t\t\t\t\t\t<svg aria-hidden=\"true\" class=\"e-font-icon-svg e-fas-circle\" viewBox=\"0 0 512 512\" xmlns=\"http:\/\/www.w3.org\/2000\/svg\"><path d=\"M256 8C119 8 8 119 8 256s111 248 248 248 248-111 248-248S393 8 256 8z\"><\/path><\/svg>\t\t\t\t\t\t<\/span>\n\t\t\t\t\t\t\t\t\t\t<span class=\"elementor-icon-list-text\">Chuy\u1ec3n ph\u00e1t nhanh Vi\u1ec7t Nam (N\u1ed9i \u0111\u1ecba)<\/span>\n\t\t\t\t\t\t\t\t\t<\/li>\n\t\t\t\t\t\t<\/ul>\n\t\t\t\t\t\t<\/div>\n\t\t\t\t<\/div>\n\t\t<div class=\"elementor-element elementor-element-192cb80 e-con-full e-flex e-con e-child\" data-id=\"192cb80\" data-element_type=\"container\" data-e-type=\"container\">\n\t\t\t\t<div class=\"elementor-element elementor-element-21f7aae elementor-widget elementor-widget-heading\" data-id=\"21f7aae\" data-element_type=\"widget\" data-e-type=\"widget\" data-widget_type=\"heading.default\">\n\t\t\t\t\t<h6 class=\"elementor-heading-title elementor-size-default\">Operational Standards<\/h6>\t\t\t\t<\/div>\n\t\t\t\t<div class=\"elementor-element elementor-element-0a623ff elementor-widget elementor-widget-text-editor\" data-id=\"0a623ff\" data-element_type=\"widget\" data-e-type=\"widget\" data-widget_type=\"text-editor.default\">\n\t\t\t\t\t\t\t\t\tCh\u00fang t\u00f4i v\u1eadn h\u00e0nh theo c\u00e1c quy tr\u00ecnh d\u1ecbch v\u1ee5 th\u1ed1ng nh\u1ea5t (SOP), cam k\u1ebft d\u1ecbch v\u1ee5 c\u00f3 th\u1ec3 \u0111o l\u01b0\u1eddng (SLA) v\u00e0 khung b\u00e1o c\u00e1o c\u00f3 c\u1ea5u tr\u00fac \u0111\u1ec3 \u0111\u1ea3m b\u1ea3o t\u00ednh minh b\u1ea1ch v\u00e0 tr\u00e1ch nhi\u1ec7m gi\u1ea3i tr\u00ecnh cho c\u00e1c \u0111\u1ed1i t\u00e1c B2B.\t\t\t\t\t\t\t\t<\/div>\n\t\t\t\t<\/div>\n\t\t<div class=\"elementor-element elementor-element-f20ebff e-con-full e-flex e-con e-child\" data-id=\"f20ebff\" data-element_type=\"container\" data-e-type=\"container\">\n\t\t\t\t<div class=\"elementor-element elementor-element-3333819 elementor-widget elementor-widget-heading\" data-id=\"3333819\" data-element_type=\"widget\" data-e-type=\"widget\" data-widget_type=\"heading.default\">\n\t\t\t\t\t<h6 class=\"elementor-heading-title elementor-size-default\">T\u1ea7m nh\u00ecn 2026+<\/h6>\t\t\t\t<\/div>\n\t\t\t\t<div class=\"elementor-element elementor-element-07be458 elementor-widget elementor-widget-text-editor\" data-id=\"07be458\" data-element_type=\"widget\" data-e-type=\"widget\" data-widget_type=\"text-editor.default\">\n\t\t\t\t\t\t\t\t\tM\u1edf r\u1ed9ng sang \u0111i\u1ec1u ph\u1ed1i to\u00e0n b\u1ed9 h\u00e0nh tr\u00ecnh \u2014 t\u00edch h\u1ee3p c\u00e1c d\u1ecbch v\u1ee5 s\u00e2n bay, \u0111\u01b0a \u0111\u00f3n, \u0111\u1eb7t v\u00e9 v\u00e0 tour du l\u1ecbch inbound th\u00e0nh m\u1ed9t h\u1ec7 sinh th\u00e1i du l\u1ecbch li\u1ec1n m\u1ea1ch.\t\t\t\t\t\t\t\t<\/div>\n\t\t\t\t<\/div>\n\t\t\t\t<\/div>\n\t\t<div class=\"elementor-element elementor-element-ad7a81d e-con-full onpage-container e-flex e-con e-child\" data-id=\"ad7a81d\" data-element_type=\"container\" data-e-type=\"container\" data-settings=\"{&quot;background_background&quot;:&quot;classic&quot;}\">\n\t\t<div class=\"elementor-element elementor-element-0e1d6c0 e-con-full onpage-container e-flex e-con e-child\" data-id=\"0e1d6c0\" data-element_type=\"container\" data-e-type=\"container\" data-settings=\"{&quot;background_background&quot;:&quot;classic&quot;}\">\n\t\t\t\t<div class=\"elementor-element elementor-element-beb9bfa elementor-widget elementor-widget-heading\" data-id=\"beb9bfa\" data-element_type=\"widget\" data-e-type=\"widget\" data-widget_type=\"heading.default\">\n\t\t\t\t\t<h6 class=\"elementor-heading-title elementor-size-default\">Th\u00f4ng tin nhanh<\/h6>\t\t\t\t<\/div>\n\t\t\t\t<div class=\"elementor-element elementor-element-fb4f028 elementor-widget__width-initial elementor-widget elementor-widget-text-editor\" data-id=\"fb4f028\" data-element_type=\"widget\" data-e-type=\"widget\" data-widget_type=\"text-editor.default\">\n\t\t\t\t\t\t\t\t\t\u0110i\u1ec1u ph\u1ed1i v\u1eadn h\u00e0nh 24\/7\t\t\t\t\t\t\t\t<\/div>\n\t\t\t\t<div class=\"elementor-element elementor-element-aad6e81 elementor-widget elementor-widget-text-editor\" data-id=\"aad6e81\" data-element_type=\"widget\" data-e-type=\"widget\" data-widget_type=\"text-editor.default\">\n\t\t\t\t\t\t\t\t\tBilingual (VI\/EN)\t\t\t\t\t\t\t\t<\/div>\n\t\t\t\t<div class=\"elementor-element elementor-element-3c5bbb7 elementor-widget elementor-widget-text-editor\" data-id=\"3c5bbb7\" data-element_type=\"widget\" data-e-type=\"widget\" data-widget_type=\"text-editor.default\">\n\t\t\t\t\t\t\t\t\tM\u00f4 h\u00ecnh qu\u1ea3n tr\u1ecb c\u1ea5p t\u1eadp \u0111o\u00e0n\t\t\t\t\t\t\t\t<\/div>\n\t\t\t\t<\/div>\n\t\t<div class=\"elementor-element elementor-element-b5a6163 e-con-full onpage-container e-flex e-con e-child\" data-id=\"b5a6163\" data-element_type=\"container\" data-e-type=\"container\" data-settings=\"{&quot;background_background&quot;:&quot;classic&quot;}\">\n\t\t\t\t<div class=\"elementor-element elementor-element-7c32e31 elementor-widget elementor-widget-heading\" data-id=\"7c32e31\" data-element_type=\"widget\" data-e-type=\"widget\" data-widget_type=\"heading.default\">\n\t\t\t\t\t<h6 class=\"elementor-heading-title elementor-size-default\">L\u0129nh v\u1ef1c c\u1ed1t l\u00f5i<\/h6>\t\t\t\t<\/div>\n\t\t\t\t<div class=\"elementor-element elementor-element-901a8c0 elementor-widget__width-initial elementor-widget elementor-widget-text-editor\" data-id=\"901a8c0\" data-element_type=\"widget\" data-e-type=\"widget\" data-widget_type=\"text-editor.default\">\n\t\t\t\t\t\t\t\t\tH\u1ed7 tr\u1ee3 h\u00e0ng kh\u00f4ng\t\t\t\t\t\t\t\t<\/div>\n\t\t\t\t<div class=\"elementor-element elementor-element-d9d2757 elementor-widget elementor-widget-text-editor\" data-id=\"d9d2757\" data-element_type=\"widget\" data-e-type=\"widget\" data-widget_type=\"text-editor.default\">\n\t\t\t\t\t\t\t\t\tV\u1eadn h\u00e0nh du l\u1ecbch\n\n\t\t\t\t\t\t\t\t<\/div>\n\t\t\t\t<div class=\"elementor-element elementor-element-d2aec90 elementor-widget elementor-widget-text-editor\" data-id=\"d2aec90\" data-element_type=\"widget\" data-e-type=\"widget\" data-widget_type=\"text-editor.default\">\n\t\t\t\t\t\t\t\t\t\u0110i\u1ec1u ph\u1ed1i y t\u1ebf\n\n\t\t\t\t\t\t\t\t<\/div>\n\t\t\t\t<div class=\"elementor-element elementor-element-c17500d elementor-widget elementor-widget-text-editor\" data-id=\"c17500d\" data-element_type=\"widget\" data-e-type=\"widget\" data-widget_type=\"text-editor.default\">\n\t\t\t\t\t\t\t\t\t<p>Logistics chuy\u1ec3n ph\u00e1t nhanh n\u1ed9i \u0111\u1ecba<\/p>\t\t\t\t\t\t\t\t<\/div>\n\t\t\t\t<\/div>\n\t\t<div class=\"elementor-element elementor-element-6da6f55 e-con-full onpage-container e-flex e-con e-child\" data-id=\"6da6f55\" data-element_type=\"container\" data-e-type=\"container\" data-settings=\"{&quot;background_background&quot;:&quot;classic&quot;}\">\n\t\t\t\t<div class=\"elementor-element elementor-element-1c03cbf elementor-widget elementor-widget-heading\" data-id=\"1c03cbf\" data-element_type=\"widget\" data-e-type=\"widget\" data-widget_type=\"heading.default\">\n\t\t\t\t\t<h6 class=\"elementor-heading-title elementor-size-default\">Tr\u1ee5 s\u1edf ch\u00ednh\n<\/h6>\t\t\t\t<\/div>\n\t\t\t\t<div class=\"elementor-element elementor-element-4247c96 elementor-widget__width-initial elementor-widget elementor-widget-text-editor\" data-id=\"4247c96\" data-element_type=\"widget\" data-e-type=\"widget\" data-widget_type=\"text-editor.default\">\n\t\t\t\t\t\t\t\t\tHo Chi Minh City, Vietnam\t\t\t\t\t\t\t\t<\/div>\n\t\t\t\t<div class=\"elementor-element elementor-element-5ebaae9 elementor-widget elementor-widget-text-editor\" data-id=\"5ebaae9\" data-element_type=\"widget\" data-e-type=\"widget\" data-widget_type=\"text-editor.default\">\n\t\t\t\t\t\t\t\t\tEmail: partnerships@phatdat.vn\t\t\t\t\t\t\t\t<\/div>\n\t\t\t\t<div class=\"elementor-element elementor-element-ef0ecf5 elementor-widget elementor-widget-text-editor\" data-id=\"ef0ecf5\" data-element_type=\"widget\" data-e-type=\"widget\" data-widget_type=\"text-editor.default\">\n\t\t\t\t\t\t\t\t\t24\/7 (H\u1ed7 tr\u1ee3 theo l\u1ecbch tr\u00ecnh chuy\u1ebfn bay)\t\t\t\t\t\t\t\t<\/div>\n\t\t\t\t<div class=\"elementor-element elementor-element-79a743f btn elementor-widget elementor-widget-button\" data-id=\"79a743f\" data-element_type=\"widget\" data-e-type=\"widget\" data-widget_type=\"button.default\">\n\t\t\t\t\t\t\t\t\t\t<a class=\"elementor-button elementor-button-link elementor-size-sm\" href=\"#\">\n\t\t\t\t\t\t<span class=\"elementor-button-content-wrapper\">\n\t\t\t\t\t\t\t\t\t<span class=\"elementor-button-text\">\u0110i\u1ec1u tra quan h\u1ec7 \u0111\u1ed1i t\u00e1c<\/span>\n\t\t\t\t\t<\/span>\n\t\t\t\t\t<\/a>\n\t\t\t\t\t\t\t\t<\/div>\n\t\t\t\t<\/div>\n\t\t\t\t<\/div>\n\t\t\t\t<\/div>\n\t\t\t\t\t<\/div>\n\t\t\t\t<\/div>\n\t\t\t\t<\/div>\n\t\t","protected":false},"excerpt":{"rendered":"<p>H\u1ed2 S\u01a0 C\u00d4NG TY T\u1eadp \u0111o\u00e0n D\u1ecbch v\u1ee5 H\u00e0ng kh\u00f4ng &amp; Du l\u1ecbch T\u00edch h\u1ee3p Phat Dat Service Group v\u1eadn h\u00e0nh m\u1ed9t h\u1ec7 sinh th\u00e1i th\u1ed1ng nh\u1ea5t cung c\u1ea5p c\u00e1c d\u1ecbch v\u1ee5 h\u1ed7 tr\u1ee3 h\u00e0ng kh\u00f4ng, \u0111i\u1ec1u ph\u1ed1i du l\u1ecbch, h\u1ed7 tr\u1ee3 y t\u1ebf v\u00e0 logistics chuy\u1ec3n ph\u00e1t nhanh n\u1ed9i \u0111\u1ecba tr\u00ean kh\u1eafp Vi\u1ec7t Nam. [&hellip;]<\/p>\n","protected":false},"author":1,"featured_media":0,"parent":0,"menu_order":0,"comment_status":"closed","ping_status":"closed","template":"","meta":{"footnotes":""},"class_list":["post-537","page","type-page","status-publish","hentry"],"_links":{"self":[{"href":"https:\/\/phatdatglobal.com\/vi\/wp-json\/wp\/v2\/pages\/537","targetHints":{"allow":["GET"]}}],"collection":[{"href":"https:\/\/phatdatglobal.com\/vi\/wp-json\/wp\/v2\/pages"}],"about":[{"href":"https:\/\/phatdatglobal.com\/vi\/wp-json\/wp\/v2\/types\/page"}],"author":[{"embeddable":true,"href":"https:\/\/phatdatglobal.com\/vi\/wp-json\/wp\/v2\/users\/1"}],"replies":[{"embeddable":true,"href":"https:\/\/phatdatglobal.com\/vi\/wp-json\/wp\/v2\/comments?post=537"}],"version-history":[{"count":1,"href":"https:\/\/phatdatglobal.com\/vi\/wp-json\/wp\/v2\/pages\/537\/revisions"}],"predecessor-version":[{"id":538,"href":"https:\/\/phatdatglobal.com\/vi\/wp-json\/wp\/v2\/pages\/537\/revisions\/538"}],"wp:attachment":[{"href":"https:\/\/phatdatglobal.com\/vi\/wp-json\/wp\/v2\/media?parent=537"}],"curies":[{"name":"wp","href":"https:\/\/api.w.org\/{rel}","templated":true}]}}