{"id":539,"date":"2026-02-19T09:04:39","date_gmt":"2026-02-19T09:04:39","guid":{"rendered":"https:\/\/phatdatglobal.com\/trang-con\/"},"modified":"2026-02-19T13:15:49","modified_gmt":"2026-02-19T13:15:49","slug":"trang-con","status":"publish","type":"page","link":"https:\/\/phatdatglobal.com\/vi\/trang-con\/","title":{"rendered":"Trang con"},"content":{"rendered":"\t\t<div data-elementor-type=\"wp-page\" data-elementor-id=\"539\" class=\"elementor elementor-539 elementor-491\" data-elementor-post-type=\"page\">\n\t\t\t\t<div class=\"elementor-element elementor-element-b3c3670 banner-bg-new e-flex e-con-boxed e-con e-parent\" data-id=\"b3c3670\" data-element_type=\"container\" data-e-type=\"container\">\n\t\t\t\t\t<div class=\"e-con-inner\">\n\t\t\t\t<div class=\"elementor-element elementor-element-7d2b4db elementor-align-center elementor-widget__width-initial elementor-icon-list--layout-traditional elementor-list-item-link-full_width elementor-widget elementor-widget-icon-list\" data-id=\"7d2b4db\" data-element_type=\"widget\" data-e-type=\"widget\" data-widget_type=\"icon-list.default\">\n\t\t\t\t\t\t\t<ul class=\"elementor-icon-list-items\">\n\t\t\t\t\t\t\t<li class=\"elementor-icon-list-item\">\n\t\t\t\t\t\t\t\t\t\t\t<span class=\"elementor-icon-list-icon\">\n\t\t\t\t\t\t\t<svg aria-hidden=\"true\" class=\"e-font-icon-svg e-fas-circle\" viewBox=\"0 0 512 512\" xmlns=\"http:\/\/www.w3.org\/2000\/svg\"><path d=\"M256 8C119 8 8 119 8 256s111 248 248 248 248-111 248-248S393 8 256 8z\"><\/path><\/svg>\t\t\t\t\t\t<\/span>\n\t\t\t\t\t\t\t\t\t\t<span class=\"elementor-icon-list-text\">H\u1ee3p ph\u00e1p<\/span>\n\t\t\t\t\t\t\t\t\t<\/li>\n\t\t\t\t\t\t<\/ul>\n\t\t\t\t\t\t<\/div>\n\t\t\t\t<div class=\"elementor-element elementor-element-3759dfb elementor-widget elementor-widget-heading\" data-id=\"3759dfb\" data-element_type=\"widget\" data-e-type=\"widget\" data-widget_type=\"heading.default\">\n\t\t\t\t\t<h2 class=\"elementor-heading-title elementor-size-default\">\u0110i\u1ec1u kho\u1ea3n &amp; \u0110i\u1ec1u ki\u1ec7n<\/h2>\t\t\t\t<\/div>\n\t\t\t\t<div class=\"elementor-element elementor-element-da5d768 elementor-widget__width-initial elementor-widget elementor-widget-text-editor\" data-id=\"da5d768\" data-element_type=\"widget\" data-e-type=\"widget\" data-widget_type=\"text-editor.default\">\n\t\t\t\t\t\t\t\t\tTrang n\u00e0y n\u00eau r\u00f5 c\u00e1c \u0111i\u1ec1u kho\u1ea3n chung quy \u0111\u1ecbnh vi\u1ec7c truy c\u1eadp v\u00e0o trang web doanh nghi\u1ec7p c\u1ee7a T\u1eadp \u0111o\u00e0n D\u1ecbch v\u1ee5 Phat Dat v\u00e0 c\u00e1c th\u00f4ng tin li\u00ean quan. \u0110\u1ec3 \u0111\u1eb7t d\u1ecbch v\u1ee5, vui l\u00f2ng truy c\u1eadp trang web c\u1ee7a c\u00e1c th\u01b0\u01a1ng hi\u1ec7u d\u1ecbch v\u1ee5 t\u01b0\u01a1ng \u1ee9ng.\n\n\t\t\t\t\t\t\t\t<\/div>\n\t\t<div class=\"elementor-element elementor-element-63b1778 e-grid e-con-full e-con e-child\" data-id=\"63b1778\" data-element_type=\"container\" data-e-type=\"container\">\n\t\t<div class=\"elementor-element elementor-element-5421ac1 e-con-full e-flex e-con e-child\" data-id=\"5421ac1\" data-element_type=\"container\" data-e-type=\"container\" data-settings=\"{&quot;background_background&quot;:&quot;classic&quot;}\">\n\t\t<div class=\"elementor-element elementor-element-5de905b e-con-full e-flex e-con e-child\" data-id=\"5de905b\" data-element_type=\"container\" data-e-type=\"container\">\n\t\t\t\t<div class=\"elementor-element elementor-element-fe4c397 elementor-widget elementor-widget-heading\" data-id=\"fe4c397\" data-element_type=\"widget\" data-e-type=\"widget\" data-widget_type=\"heading.default\">\n\t\t\t\t\t<h6 class=\"elementor-heading-title elementor-size-default\">T\u1ed5ng quan<\/h6>\t\t\t\t<\/div>\n\t\t\t\t<div class=\"elementor-element elementor-element-31a7757 elementor-widget elementor-widget-heading\" data-id=\"31a7757\" data-element_type=\"widget\" data-e-type=\"widget\" data-widget_type=\"heading.default\">\n\t\t\t\t\t<p class=\"elementor-heading-title elementor-size-default\">C\u1eadp nh\u1eadt l\u1ea7n cu\u1ed1i: 01-01-2026<\/p>\t\t\t\t<\/div>\n\t\t\t\t<\/div>\n\t\t<div class=\"elementor-element elementor-element-a2a5091 e-con-full e-flex e-con e-child\" data-id=\"a2a5091\" data-element_type=\"container\" data-e-type=\"container\">\n\t\t\t\t<div class=\"elementor-element elementor-element-c2a1583 elementor-widget elementor-widget-text-editor\" data-id=\"c2a1583\" data-element_type=\"widget\" data-e-type=\"widget\" data-widget_type=\"text-editor.default\">\n\t\t\t\t\t\t\t\t\tTrang web doanh nghi\u1ec7p n\u00e0y cung c\u1ea5p c\u00e1i nh\u00ecn t\u1ed5ng quan v\u1ec1 h\u1ec7 sinh th\u00e1i, c\u00e1c ti\u00eau chu\u1ea9n v\u00e0 ph\u01b0\u01a1ng th\u1ee9c h\u1ee3p t\u00e1c c\u1ee7a Phat Dat Service Group. Vi\u1ec7c \u0111\u1eb7t d\u1ecbch v\u1ee5 v\u00e0 c\u00e1c y\u00eau c\u1ea7u th\u00f4ng tin c\u1ee5 th\u1ec3 s\u1ebd \u0111\u01b0\u1ee3c x\u1eed l\u00fd b\u1edfi c\u00e1c trang web th\u01b0\u01a1ng hi\u1ec7u d\u1ecbch v\u1ee5 chuy\u00ean bi\u1ec7t.\t\t\t\t\t\t\t\t<\/div>\n\t\t\t\t<div class=\"elementor-element elementor-element-15f733a elementor-widget-divider--view-line elementor-widget elementor-widget-divider\" data-id=\"15f733a\" data-element_type=\"widget\" data-e-type=\"widget\" data-widget_type=\"divider.default\">\n\t\t\t\t\t\t\t<div class=\"elementor-divider\">\n\t\t\t<span class=\"elementor-divider-separator\">\n\t\t\t\t\t\t<\/span>\n\t\t<\/div>\n\t\t\t\t\t\t<\/div>\n\t\t\t\t<\/div>\n\t\t<div class=\"elementor-element elementor-element-05bc5b0 e-con-full e-flex e-con e-child\" data-id=\"05bc5b0\" data-element_type=\"container\" data-e-type=\"container\">\n\t\t\t\t<div class=\"elementor-element elementor-element-bcb875a elementor-widget elementor-widget-heading\" data-id=\"bcb875a\" data-element_type=\"widget\" data-e-type=\"widget\" data-widget_type=\"heading.default\">\n\t\t\t\t\t<h6 class=\"elementor-heading-title elementor-size-default\">1. S\u1eed d\u1ee5ng Trang web<\/h6>\t\t\t\t<\/div>\n\t\t\t\t<div class=\"elementor-element elementor-element-b057fb8 elementor-widget elementor-widget-text-editor\" data-id=\"b057fb8\" data-element_type=\"widget\" data-e-type=\"widget\" data-widget_type=\"text-editor.default\">\n\t\t\t\t\t\t\t\t\tQu\u00fd kh\u00e1ch c\u00f3 th\u1ec3 truy c\u1eadp v\u00e0 s\u1eed d\u1ee5ng trang web n\u00e0y cho m\u1ee5c \u0111\u00edch t\u00ecm hi\u1ec3u th\u00f4ng tin. Qu\u00fd kh\u00e1ch \u0111\u1ed3ng \u00fd kh\u00f4ng s\u1eed d\u1ee5ng sai m\u1ee5c \u0111\u00edch trang web, kh\u00f4ng can thi\u1ec7p v\u00e0o ho\u1ea1t \u0111\u1ed9ng c\u1ee7a trang web ho\u1eb7c c\u1ed1 g\u1eafng truy c\u1eadp tr\u00e1i ph\u00e9p v\u00e0o b\u1ea5t k\u1ef3 h\u1ec7 th\u1ed1ng n\u00e0o.\t\t\t\t\t\t\t\t<\/div>\n\t\t\t\t<\/div>\n\t\t<div class=\"elementor-element elementor-element-45b3af2 e-con-full e-flex e-con e-child\" data-id=\"45b3af2\" data-element_type=\"container\" data-e-type=\"container\">\n\t\t\t\t<div class=\"elementor-element elementor-element-5b55ce3 elementor-widget elementor-widget-heading\" data-id=\"5b55ce3\" data-element_type=\"widget\" data-e-type=\"widget\" data-widget_type=\"heading.default\">\n\t\t\t\t\t<h6 class=\"elementor-heading-title elementor-size-default\">2. Th\u00f4ng tin &amp; \u0110\u1ed9 ch\u00ednh x\u00e1c<\/h6>\t\t\t\t<\/div>\n\t\t\t\t<div class=\"elementor-element elementor-element-f31259c elementor-widget elementor-widget-text-editor\" data-id=\"f31259c\" data-element_type=\"widget\" data-e-type=\"widget\" data-widget_type=\"text-editor.default\">\n\t\t\t\t\t\t\t\t\tN\u1ed9i dung \u0111\u01b0\u1ee3c cung c\u1ea5p ch\u1ec9 nh\u1eb1m m\u1ee5c \u0111\u00edch th\u00f4ng tin chung. Ch\u00fang t\u00f4i c\u00f3 th\u1ec3 c\u1eadp nh\u1eadt ho\u1eb7c thay \u0111\u1ed5i n\u1ed9i dung m\u00e0 kh\u00f4ng c\u1ea7n th\u00f4ng b\u00e1o tr\u01b0\u1edbc. Vui l\u00f2ng x\u00e1c nh\u1eadn chi ti\u1ebft d\u1ecbch v\u1ee5 qua c\u00e1c k\u00eanh li\u00ean h\u1ec7 ch\u00ednh th\u1ee9c tr\u01b0\u1edbc khi \u0111\u01b0a ra quy\u1ebft \u0111\u1ecbnh.\t\t\t\t\t\t\t\t<\/div>\n\t\t\t\t<\/div>\n\t\t<div class=\"elementor-element elementor-element-221d909 e-con-full e-flex e-con e-child\" data-id=\"221d909\" data-element_type=\"container\" data-e-type=\"container\">\n\t\t\t\t<div class=\"elementor-element elementor-element-337e15a elementor-widget elementor-widget-heading\" data-id=\"337e15a\" data-element_type=\"widget\" data-e-type=\"widget\" data-widget_type=\"heading.default\">\n\t\t\t\t\t<h6 class=\"elementor-heading-title elementor-size-default\">3. Y\u00eau c\u1ea7u D\u1ecbch v\u1ee5 &amp; \u0110\u1eb7t ch\u1ed7<\/h6>\t\t\t\t<\/div>\n\t\t\t\t<div class=\"elementor-element elementor-element-21459c1 elementor-widget elementor-widget-text-editor\" data-id=\"21459c1\" data-element_type=\"widget\" data-e-type=\"widget\" data-widget_type=\"text-editor.default\">\n\t\t\t\t\t\t\t\t\tTrang web c\u1ee7a T\u1eadp \u0111o\u00e0n gi\u1edbi thi\u1ec7u v\u1ec1 n\u0103ng l\u1ef1c v\u00e0 qu\u1ea3n tr\u1ecb. Vi\u1ec7c \u0111\u1eb7t ch\u1ed7\/y\u00eau c\u1ea7u th\u00f4ng tin \u0111\u01b0\u1ee3c x\u1eed l\u00fd tr\u00ean c\u00e1c trang web th\u01b0\u01a1ng hi\u1ec7u chuy\u00ean bi\u1ec7t (v\u00ed d\u1ee5: Fast Track, eVisa, H\u1ed7 tr\u1ee3 Y t\u1ebf, \u0110\u01b0a \u0111\u00f3n S\u00e2n bay, V\u00e9, Tour du l\u1ecbch, Chuy\u1ec3n ph\u00e1t nhanh).\t\t\t\t\t\t\t\t<\/div>\n\t\t\t\t<\/div>\n\t\t<div class=\"elementor-element elementor-element-da58d4d e-con-full e-flex e-con e-child\" data-id=\"da58d4d\" data-element_type=\"container\" data-e-type=\"container\">\n\t\t\t\t<div class=\"elementor-element elementor-element-95e083a elementor-widget elementor-widget-heading\" data-id=\"95e083a\" data-element_type=\"widget\" data-e-type=\"widget\" data-widget_type=\"heading.default\">\n\t\t\t\t\t<h6 class=\"elementor-heading-title elementor-size-default\">4. S\u1edf h\u1eefu Tr\u00ed tu\u1ec7<\/h6>\t\t\t\t<\/div>\n\t\t\t\t<div class=\"elementor-element elementor-element-06bae37 elementor-widget elementor-widget-text-editor\" data-id=\"06bae37\" data-element_type=\"widget\" data-e-type=\"widget\" data-widget_type=\"text-editor.default\">\n\t\t\t\t\t\t\t\t\tT\u1ea5t c\u1ea3 logo, t\u00e0i s\u1ea3n th\u01b0\u01a1ng hi\u1ec7u, v\u0103n b\u1ea3n v\u00e0 c\u00e1c y\u1ebfu t\u1ed1 thi\u1ebft k\u1ebf tr\u00ean trang web n\u00e0y \u0111\u1ec1u thu\u1ed9c s\u1edf h\u1eefu c\u1ee7a ho\u1eb7c \u0111\u01b0\u1ee3c c\u1ea5p ph\u00e9p cho Phat Dat Service Group. Qu\u00fd kh\u00e1ch kh\u00f4ng \u0111\u01b0\u1ee3c sao ch\u00e9p ho\u1eb7c ph\u00e2n ph\u1ed1i ch\u00fang n\u1ebfu kh\u00f4ng c\u00f3 s\u1ef1 cho ph\u00e9p b\u1eb1ng v\u0103n b\u1ea3n.\t\t\t\t\t\t\t\t<\/div>\n\t\t\t\t<\/div>\n\t\t<div class=\"elementor-element elementor-element-75715a4 e-con-full e-flex e-con e-child\" data-id=\"75715a4\" data-element_type=\"container\" data-e-type=\"container\">\n\t\t\t\t<div class=\"elementor-element elementor-element-c786ef2 elementor-widget elementor-widget-heading\" data-id=\"c786ef2\" data-element_type=\"widget\" data-e-type=\"widget\" data-widget_type=\"heading.default\">\n\t\t\t\t\t<h6 class=\"elementor-heading-title elementor-size-default\">5. Tuy\u00ean b\u1ed1 Mi\u1ec5n tr\u1eeb Tr\u00e1ch nhi\u1ec7m<\/h6>\t\t\t\t<\/div>\n\t\t\t\t<div class=\"elementor-element elementor-element-ffde1ba elementor-widget elementor-widget-text-editor\" data-id=\"ffde1ba\" data-element_type=\"widget\" data-e-type=\"widget\" data-widget_type=\"text-editor.default\">\n\t\t\t\t\t\t\t\t\tTrong ph\u1ea1m vi t\u1ed1i \u0111a m\u00e0 ph\u00e1p lu\u1eadt cho ph\u00e9p, Phat Dat Service Group kh\u00f4ng ch\u1ecbu tr\u00e1ch nhi\u1ec7m cho b\u1ea5t k\u1ef3 t\u1ed5n th\u1ea5t gi\u00e1n ti\u1ebfp ho\u1eb7c h\u1ec7 qu\u1ea3 n\u00e0o ph\u00e1t sinh t\u1eeb vi\u1ec7c s\u1eed d\u1ee5ng trang web n\u00e0y c\u1ee7a qu\u00fd kh\u00e1ch. Trang web n\u00e0y kh\u00f4ng c\u1ea5u th\u00e0nh l\u1eddi khuy\u00ean ph\u00e1p l\u00fd ho\u1eb7c chuy\u00ean m\u00f4n.\t\t\t\t\t\t\t\t<\/div>\n\t\t\t\t<\/div>\n\t\t<div class=\"elementor-element elementor-element-3de1f81 e-con-full e-flex e-con e-child\" data-id=\"3de1f81\" data-element_type=\"container\" data-e-type=\"container\">\n\t\t\t\t<div class=\"elementor-element elementor-element-52a1662 elementor-widget elementor-widget-heading\" data-id=\"52a1662\" data-element_type=\"widget\" data-e-type=\"widget\" data-widget_type=\"heading.default\">\n\t\t\t\t\t<h6 class=\"elementor-heading-title elementor-size-default\">6. Li\u00ean h\u1ec7<\/h6>\t\t\t\t<\/div>\n\t\t\t\t<div class=\"elementor-element elementor-element-38c26f7 elementor-widget elementor-widget-text-editor\" data-id=\"38c26f7\" data-element_type=\"widget\" data-e-type=\"widget\" data-widget_type=\"text-editor.default\">\n\t\t\t\t\t\t\t\t\t\u0110\u1ed1i v\u1edbi c\u00e1c y\u00eau c\u1ea7u h\u1ee3p t\u00e1c, vui l\u00f2ng s\u1eed d\u1ee5ng ph\u1ea7n li\u00ean h\u1ec7 tr\u00ean trang ch\u1ee7 ho\u1eb7c li\u00ean h\u1ec7 qua email\/WhatsApp ch\u00ednh th\u1ee9c.\t\t\t\t\t\t\t\t<\/div>\n\t\t\t\t<div class=\"elementor-element elementor-element-9adff33 elementor-widget-divider--view-line elementor-widget elementor-widget-divider\" data-id=\"9adff33\" data-element_type=\"widget\" data-e-type=\"widget\" data-widget_type=\"divider.default\">\n\t\t\t\t\t\t\t<div class=\"elementor-divider\">\n\t\t\t<span class=\"elementor-divider-separator\">\n\t\t\t\t\t\t<\/span>\n\t\t<\/div>\n\t\t\t\t\t\t<\/div>\n\t\t\t\t<\/div>\n\t\t\t\t<div class=\"elementor-element elementor-element-89a013d elementor-widget elementor-widget-text-editor\" data-id=\"89a013d\" data-element_type=\"widget\" data-e-type=\"widget\" data-widget_type=\"text-editor.default\">\n\t\t\t\t\t\t\t\t\t<span style=\"font-weight:700;\">L\u01b0u \u00fd:<\/span> \u0110\u00e2y l\u00e0 m\u1eabu trang d\u00e0nh cho doanh nghi\u1ec7p (t\u1eadp \u0111o\u00e0n). Thay th\u1ebf c\u00e1c ph\u1ea7n \u0111\u1ec3 t\u1ea1o c\u00e1c trang Ch\u00ednh s\u00e1ch B\u1ea3o m\u1eadt \/ Ch\u00ednh s\u00e1ch Ho\u00e0n ti\u1ec1n \/ Tuy\u00ean b\u1ed1 Mi\u1ec5n tr\u1eeb Tr\u00e1ch nhi\u1ec7m.\t\t\t\t\t\t\t\t<\/div>\n\t\t\t\t<\/div>\n\t\t<div class=\"elementor-element elementor-element-3386b87 e-con-full onpage-container e-flex e-con e-child\" data-id=\"3386b87\" data-element_type=\"container\" data-e-type=\"container\" data-settings=\"{&quot;background_background&quot;:&quot;classic&quot;}\">\n\t\t<div class=\"elementor-element elementor-element-b74fafe e-con-full e-flex e-con e-child\" data-id=\"b74fafe\" data-element_type=\"container\" data-e-type=\"container\">\n\t\t\t\t<div class=\"elementor-element elementor-element-15ef919 elementor-widget elementor-widget-heading\" data-id=\"15ef919\" data-element_type=\"widget\" data-e-type=\"widget\" data-widget_type=\"heading.default\">\n\t\t\t\t\t<h6 class=\"elementor-heading-title elementor-size-default\">Tr\u00ean trang n\u00e0y<\/h6>\t\t\t\t<\/div>\n\t\t\t\t<div class=\"elementor-element elementor-element-50f6d9e elementor-widget elementor-widget-heading\" data-id=\"50f6d9e\" data-element_type=\"widget\" data-e-type=\"widget\" data-widget_type=\"heading.default\">\n\t\t\t\t\t<p class=\"elementor-heading-title elementor-size-default\">\u0110I\u1ec0U KHO\u1ea2N<\/p>\t\t\t\t<\/div>\n\t\t\t\t<\/div>\n\t\t<div class=\"elementor-element elementor-element-e588b42 e-con-full e-flex e-con e-child\" data-id=\"e588b42\" data-element_type=\"container\" data-e-type=\"container\">\n\t\t\t\t<div class=\"elementor-element elementor-element-4529a13 elementor-align-justify elementor-widget elementor-widget-button\" data-id=\"4529a13\" data-element_type=\"widget\" data-e-type=\"widget\" data-widget_type=\"button.default\">\n\t\t\t\t\t\t\t\t\t\t<a class=\"elementor-button elementor-button-link elementor-size-sm\" href=\"#\">\n\t\t\t\t\t\t<span class=\"elementor-button-content-wrapper\">\n\t\t\t\t\t\t<span class=\"elementor-button-icon\">\n\t\t\t\t<svg aria-hidden=\"true\" class=\"e-font-icon-svg e-fas-long-arrow-alt-right\" viewBox=\"0 0 448 512\" xmlns=\"http:\/\/www.w3.org\/2000\/svg\"><path d=\"M313.941 216H12c-6.627 0-12 5.373-12 12v56c0 6.627 5.373 12 12 12h301.941v46.059c0 21.382 25.851 32.09 40.971 16.971l86.059-86.059c9.373-9.373 9.373-24.569 0-33.941l-86.059-86.059c-15.119-15.119-40.971-4.411-40.971 16.971V216z\"><\/path><\/svg>\t\t\t<\/span>\n\t\t\t\t\t\t\t\t\t<span class=\"elementor-button-text\">S\u1eed d\u1ee5ng Trang web<\/span>\n\t\t\t\t\t<\/span>\n\t\t\t\t\t<\/a>\n\t\t\t\t\t\t\t\t<\/div>\n\t\t\t\t<\/div>\n\t\t<div class=\"elementor-element elementor-element-b057b16 e-con-full e-flex e-con e-child\" data-id=\"b057b16\" data-element_type=\"container\" data-e-type=\"container\">\n\t\t\t\t<div class=\"elementor-element elementor-element-be5ef84 elementor-align-justify elementor-widget elementor-widget-button\" data-id=\"be5ef84\" data-element_type=\"widget\" data-e-type=\"widget\" data-widget_type=\"button.default\">\n\t\t\t\t\t\t\t\t\t\t<a class=\"elementor-button elementor-button-link elementor-size-sm\" href=\"#\">\n\t\t\t\t\t\t<span class=\"elementor-button-content-wrapper\">\n\t\t\t\t\t\t<span class=\"elementor-button-icon\">\n\t\t\t\t<svg aria-hidden=\"true\" class=\"e-font-icon-svg e-fas-long-arrow-alt-right\" viewBox=\"0 0 448 512\" xmlns=\"http:\/\/www.w3.org\/2000\/svg\"><path d=\"M313.941 216H12c-6.627 0-12 5.373-12 12v56c0 6.627 5.373 12 12 12h301.941v46.059c0 21.382 25.851 32.09 40.971 16.971l86.059-86.059c9.373-9.373 9.373-24.569 0-33.941l-86.059-86.059c-15.119-15.119-40.971-4.411-40.971 16.971V216z\"><\/path><\/svg>\t\t\t<\/span>\n\t\t\t\t\t\t\t\t\t<span class=\"elementor-button-text\">Th\u00f4ng tin &amp; \u0110\u1ed9 ch\u00ednh x\u00e1c<\/span>\n\t\t\t\t\t<\/span>\n\t\t\t\t\t<\/a>\n\t\t\t\t\t\t\t\t<\/div>\n\t\t\t\t<\/div>\n\t\t<div class=\"elementor-element elementor-element-ef46237 e-con-full e-flex e-con e-child\" data-id=\"ef46237\" data-element_type=\"container\" data-e-type=\"container\">\n\t\t\t\t<div class=\"elementor-element elementor-element-0f63d9b elementor-align-justify elementor-widget elementor-widget-button\" data-id=\"0f63d9b\" data-element_type=\"widget\" data-e-type=\"widget\" data-widget_type=\"button.default\">\n\t\t\t\t\t\t\t\t\t\t<a class=\"elementor-button elementor-button-link elementor-size-sm\" href=\"#\">\n\t\t\t\t\t\t<span class=\"elementor-button-content-wrapper\">\n\t\t\t\t\t\t<span class=\"elementor-button-icon\">\n\t\t\t\t<svg aria-hidden=\"true\" class=\"e-font-icon-svg e-fas-long-arrow-alt-right\" viewBox=\"0 0 448 512\" xmlns=\"http:\/\/www.w3.org\/2000\/svg\"><path d=\"M313.941 216H12c-6.627 0-12 5.373-12 12v56c0 6.627 5.373 12 12 12h301.941v46.059c0 21.382 25.851 32.09 40.971 16.971l86.059-86.059c9.373-9.373 9.373-24.569 0-33.941l-86.059-86.059c-15.119-15.119-40.971-4.411-40.971 16.971V216z\"><\/path><\/svg>\t\t\t<\/span>\n\t\t\t\t\t\t\t\t\t<span class=\"elementor-button-text\">Y\u00eau c\u1ea7u D\u1ecbch v\u1ee5<\/span>\n\t\t\t\t\t<\/span>\n\t\t\t\t\t<\/a>\n\t\t\t\t\t\t\t\t<\/div>\n\t\t\t\t<\/div>\n\t\t<div class=\"elementor-element elementor-element-9c341cb e-con-full e-flex e-con e-child\" data-id=\"9c341cb\" data-element_type=\"container\" data-e-type=\"container\">\n\t\t\t\t<div class=\"elementor-element elementor-element-d4e774e elementor-align-justify elementor-widget elementor-widget-button\" data-id=\"d4e774e\" data-element_type=\"widget\" data-e-type=\"widget\" data-widget_type=\"button.default\">\n\t\t\t\t\t\t\t\t\t\t<a class=\"elementor-button elementor-button-link elementor-size-sm\" href=\"#\">\n\t\t\t\t\t\t<span class=\"elementor-button-content-wrapper\">\n\t\t\t\t\t\t<span class=\"elementor-button-icon\">\n\t\t\t\t<svg aria-hidden=\"true\" class=\"e-font-icon-svg e-fas-long-arrow-alt-right\" viewBox=\"0 0 448 512\" xmlns=\"http:\/\/www.w3.org\/2000\/svg\"><path d=\"M313.941 216H12c-6.627 0-12 5.373-12 12v56c0 6.627 5.373 12 12 12h301.941v46.059c0 21.382 25.851 32.09 40.971 16.971l86.059-86.059c9.373-9.373 9.373-24.569 0-33.941l-86.059-86.059c-15.119-15.119-40.971-4.411-40.971 16.971V216z\"><\/path><\/svg>\t\t\t<\/span>\n\t\t\t\t\t\t\t\t\t<span class=\"elementor-button-text\">S\u1edf h\u1eefu Tr\u00ed tu\u1ec7<\/span>\n\t\t\t\t\t<\/span>\n\t\t\t\t\t<\/a>\n\t\t\t\t\t\t\t\t<\/div>\n\t\t\t\t<\/div>\n\t\t<div class=\"elementor-element elementor-element-6fe4dee e-con-full e-flex e-con e-child\" data-id=\"6fe4dee\" data-element_type=\"container\" data-e-type=\"container\">\n\t\t\t\t<div class=\"elementor-element elementor-element-a8ab0f1 elementor-align-justify elementor-widget elementor-widget-button\" data-id=\"a8ab0f1\" data-element_type=\"widget\" data-e-type=\"widget\" data-widget_type=\"button.default\">\n\t\t\t\t\t\t\t\t\t\t<a class=\"elementor-button elementor-button-link elementor-size-sm\" href=\"#\">\n\t\t\t\t\t\t<span class=\"elementor-button-content-wrapper\">\n\t\t\t\t\t\t<span class=\"elementor-button-icon\">\n\t\t\t\t<svg aria-hidden=\"true\" class=\"e-font-icon-svg e-fas-long-arrow-alt-right\" viewBox=\"0 0 448 512\" xmlns=\"http:\/\/www.w3.org\/2000\/svg\"><path d=\"M313.941 216H12c-6.627 0-12 5.373-12 12v56c0 6.627 5.373 12 12 12h301.941v46.059c0 21.382 25.851 32.09 40.971 16.971l86.059-86.059c9.373-9.373 9.373-24.569 0-33.941l-86.059-86.059c-15.119-15.119-40.971-4.411-40.971 16.971V216z\"><\/path><\/svg>\t\t\t<\/span>\n\t\t\t\t\t\t\t\t\t<span class=\"elementor-button-text\">Tuy\u00ean b\u1ed1 Mi\u1ec5n tr\u1eeb Tr\u00e1ch nhi\u1ec7m<\/span>\n\t\t\t\t\t<\/span>\n\t\t\t\t\t<\/a>\n\t\t\t\t\t\t\t\t<\/div>\n\t\t\t\t<\/div>\n\t\t<div class=\"elementor-element elementor-element-c312134 e-con-full e-flex e-con e-child\" data-id=\"c312134\" data-element_type=\"container\" data-e-type=\"container\">\n\t\t\t\t<div class=\"elementor-element elementor-element-05bcdfe elementor-align-justify elementor-widget elementor-widget-button\" data-id=\"05bcdfe\" data-element_type=\"widget\" data-e-type=\"widget\" data-widget_type=\"button.default\">\n\t\t\t\t\t\t\t\t\t\t<a class=\"elementor-button elementor-button-link elementor-size-sm\" href=\"#\">\n\t\t\t\t\t\t<span class=\"elementor-button-content-wrapper\">\n\t\t\t\t\t\t<span class=\"elementor-button-icon\">\n\t\t\t\t<svg aria-hidden=\"true\" class=\"e-font-icon-svg e-fas-long-arrow-alt-right\" viewBox=\"0 0 448 512\" xmlns=\"http:\/\/www.w3.org\/2000\/svg\"><path d=\"M313.941 216H12c-6.627 0-12 5.373-12 12v56c0 6.627 5.373 12 12 12h301.941v46.059c0 21.382 25.851 32.09 40.971 16.971l86.059-86.059c9.373-9.373 9.373-24.569 0-33.941l-86.059-86.059c-15.119-15.119-40.971-4.411-40.971 16.971V216z\"><\/path><\/svg>\t\t\t<\/span>\n\t\t\t\t\t\t\t\t\t<span class=\"elementor-button-text\">Li\u00ean h\u1ec7<\/span>\n\t\t\t\t\t<\/span>\n\t\t\t\t\t<\/a>\n\t\t\t\t\t\t\t\t<\/div>\n\t\t\t\t<div class=\"elementor-element elementor-element-f8800d6 elementor-widget-divider--view-line elementor-widget elementor-widget-divider\" data-id=\"f8800d6\" data-element_type=\"widget\" data-e-type=\"widget\" data-widget_type=\"divider.default\">\n\t\t\t\t\t\t\t<div class=\"elementor-divider\">\n\t\t\t<span class=\"elementor-divider-separator\">\n\t\t\t\t\t\t<\/span>\n\t\t<\/div>\n\t\t\t\t\t\t<\/div>\n\t\t\t\t<\/div>\n\t\t\t\t<div class=\"elementor-element elementor-element-90922e8 elementor-widget elementor-widget-text-editor\" data-id=\"90922e8\" data-element_type=\"widget\" data-e-type=\"widget\" data-widget_type=\"text-editor.default\">\n\t\t\t\t\t\t\t\t\t<p><span style=\"font-weight: bold;\">L\u01b0u \u00fd:<\/span> \u0110\u00e2y l\u00e0 m\u1eabu trang d\u00e0nh cho doanh nghi\u1ec7p (t\u1eadp \u0111o\u00e0n). Thay th\u1ebf c\u00e1c ph\u1ea7n \u0111\u1ec3 t\u1ea1o c\u00e1c trang Ch\u00ednh s\u00e1ch B\u1ea3o m\u1eadt \/ Ch\u00ednh s\u00e1ch Ho\u00e0n ti\u1ec1n \/ Tuy\u00ean b\u1ed1 Mi\u1ec5n tr\u1eeb Tr\u00e1ch nhi\u1ec7m.<\/p>\t\t\t\t\t\t\t\t<\/div>\n\t\t\t\t<\/div>\n\t\t\t\t<\/div>\n\t\t\t\t\t<\/div>\n\t\t\t\t<\/div>\n\t\t\t\t<\/div>\n\t\t","protected":false},"excerpt":{"rendered":"<p>H\u1ee3p ph\u00e1p \u0110i\u1ec1u kho\u1ea3n &amp; \u0110i\u1ec1u ki\u1ec7n Trang n\u00e0y n\u00eau r\u00f5 c\u00e1c \u0111i\u1ec1u kho\u1ea3n chung quy \u0111\u1ecbnh vi\u1ec7c truy c\u1eadp v\u00e0o trang web doanh nghi\u1ec7p c\u1ee7a T\u1eadp \u0111o\u00e0n D\u1ecbch v\u1ee5 Phat Dat v\u00e0 c\u00e1c th\u00f4ng tin li\u00ean quan. \u0110\u1ec3 \u0111\u1eb7t d\u1ecbch v\u1ee5, vui l\u00f2ng truy c\u1eadp trang web c\u1ee7a c\u00e1c th\u01b0\u01a1ng hi\u1ec7u d\u1ecbch v\u1ee5 t\u01b0\u01a1ng [&hellip;]<\/p>\n","protected":false},"author":1,"featured_media":0,"parent":0,"menu_order":0,"comment_status":"closed","ping_status":"closed","template":"","meta":{"footnotes":""},"class_list":["post-539","page","type-page","status-publish","hentry"],"_links":{"self":[{"href":"https:\/\/phatdatglobal.com\/vi\/wp-json\/wp\/v2\/pages\/539","targetHints":{"allow":["GET"]}}],"collection":[{"href":"https:\/\/phatdatglobal.com\/vi\/wp-json\/wp\/v2\/pages"}],"about":[{"href":"https:\/\/phatdatglobal.com\/vi\/wp-json\/wp\/v2\/types\/page"}],"author":[{"embeddable":true,"href":"https:\/\/phatdatglobal.com\/vi\/wp-json\/wp\/v2\/users\/1"}],"replies":[{"embeddable":true,"href":"https:\/\/phatdatglobal.com\/vi\/wp-json\/wp\/v2\/comments?post=539"}],"version-history":[{"count":1,"href":"https:\/\/phatdatglobal.com\/vi\/wp-json\/wp\/v2\/pages\/539\/revisions"}],"predecessor-version":[{"id":540,"href":"https:\/\/phatdatglobal.com\/vi\/wp-json\/wp\/v2\/pages\/539\/revisions\/540"}],"wp:attachment":[{"href":"https:\/\/phatdatglobal.com\/vi\/wp-json\/wp\/v2\/media?parent=539"}],"curies":[{"name":"wp","href":"https:\/\/api.w.org\/{rel}","templated":true}]}}